{"id":7400,"date":"2023-09-06T17:17:46","date_gmt":"2023-09-06T15:17:46","guid":{"rendered":"https:\/\/www.eventosaizea.com\/?post_type=product&#038;p=7400"},"modified":"2023-09-06T18:47:08","modified_gmt":"2023-09-06T16:47:08","slug":"carnaval-de-castro-urdiales","status":"publish","type":"product","link":"https:\/\/elgloboferoz.es\/eventos\/producto\/carnaval-de-castro-urdiales\/","title":{"rendered":"Carnaval de Castro Urdiales 2022"},"content":{"rendered":"","protected":false},"excerpt":{"rendered":"<p>La decoraci\u00f3n con globos en el Carnaval de Castro Urdiales (Cantabria) 2022 fue impresionante, a\u00f1adiendo un toque especial a estas festividades tem\u00e1ticas.<br \/>\nEl payaso central encarn\u00f3 la alegr\u00eda que caracteriza a esta colorida celebraci\u00f3n<\/p>\n","protected":false},"featured_media":7341,"template":"","meta":[],"product_cat":[98],"product_tag":[],"_links":{"self":[{"href":"https:\/\/elgloboferoz.es\/eventos\/wp-json\/wp\/v2\/product\/7400"}],"collection":[{"href":"https:\/\/elgloboferoz.es\/eventos\/wp-json\/wp\/v2\/product"}],"about":[{"href":"https:\/\/elgloboferoz.es\/eventos\/wp-json\/wp\/v2\/types\/product"}],"wp:featuredmedia":[{"embeddable":true,"href":"https:\/\/elgloboferoz.es\/eventos\/wp-json\/wp\/v2\/media\/7341"}],"wp:attachment":[{"href":"https:\/\/elgloboferoz.es\/eventos\/wp-json\/wp\/v2\/media?parent=7400"}],"wp:term":[{"taxonomy":"product_cat","embeddable":true,"href":"https:\/\/elgloboferoz.es\/eventos\/wp-json\/wp\/v2\/product_cat?post=7400"},{"taxonomy":"product_tag","embeddable":true,"href":"https:\/\/elgloboferoz.es\/eventos\/wp-json\/wp\/v2\/product_tag?post=7400"}],"curies":[{"name":"wp","href":"https:\/\/api.w.org\/{rel}","templated":true}]}}