{"id":7414,"date":"2023-09-06T18:15:55","date_gmt":"2023-09-06T16:15:55","guid":{"rendered":"https:\/\/www.eventosaizea.com\/?post_type=product&#038;p=7414"},"modified":"2023-09-07T09:50:04","modified_gmt":"2023-09-07T07:50:04","slug":"arbol-de-navidad-hotel-puerta-de-bilbao","status":"publish","type":"product","link":"https:\/\/elgloboferoz.es\/eventos\/producto\/arbol-de-navidad-hotel-puerta-de-bilbao\/","title":{"rendered":"Arbol de navidad hotel Puerta de Bilbao"},"content":{"rendered":"","protected":false},"excerpt":{"rendered":"<p>Impresionante \u00e1rbol de Navidad de 2,5 metros en el vest\u00edbulo del Hotel Puerta de Bilbao, Barakaldo, dio la bienvenida a hu\u00e9spedes y asistentes a sus eventos.<br \/>\nUna destacada decoraci\u00f3n navide\u00f1a que cre\u00f3 un ambiente festivo superespecial<\/p>\n","protected":false},"featured_media":7415,"template":"","meta":[],"product_cat":[98],"product_tag":[],"_links":{"self":[{"href":"https:\/\/elgloboferoz.es\/eventos\/wp-json\/wp\/v2\/product\/7414"}],"collection":[{"href":"https:\/\/elgloboferoz.es\/eventos\/wp-json\/wp\/v2\/product"}],"about":[{"href":"https:\/\/elgloboferoz.es\/eventos\/wp-json\/wp\/v2\/types\/product"}],"wp:featuredmedia":[{"embeddable":true,"href":"https:\/\/elgloboferoz.es\/eventos\/wp-json\/wp\/v2\/media\/7415"}],"wp:attachment":[{"href":"https:\/\/elgloboferoz.es\/eventos\/wp-json\/wp\/v2\/media?parent=7414"}],"wp:term":[{"taxonomy":"product_cat","embeddable":true,"href":"https:\/\/elgloboferoz.es\/eventos\/wp-json\/wp\/v2\/product_cat?post=7414"},{"taxonomy":"product_tag","embeddable":true,"href":"https:\/\/elgloboferoz.es\/eventos\/wp-json\/wp\/v2\/product_tag?post=7414"}],"curies":[{"name":"wp","href":"https:\/\/api.w.org\/{rel}","templated":true}]}}