{"id":7416,"date":"2023-09-06T18:29:17","date_gmt":"2023-09-06T16:29:17","guid":{"rendered":"https:\/\/www.eventosaizea.com\/?post_type=product&#038;p=7416"},"modified":"2023-09-06T18:29:17","modified_gmt":"2023-09-06T16:29:17","slug":"fiesta-de-navidad-de-euskaltel","status":"publish","type":"product","link":"https:\/\/elgloboferoz.es\/eventos\/producto\/fiesta-de-navidad-de-euskaltel\/","title":{"rendered":"Fiesta de navidad de Euskaltel"},"content":{"rendered":"","protected":false},"excerpt":{"rendered":"<p>En la Fiesta de Navidad de Euskaltel, los invitados fueron recibidos por Olentzero desde el balc\u00f3n con los brazos abierto, creando una atm\u00f3sfera m\u00e1gica en la entrada<br \/>\n\u00a1\u00danete a la celebraci\u00f3n y descubre nuestra decoraci\u00f3n \u00fanica para la entrada!<\/p>\n","protected":false},"featured_media":7417,"template":"","meta":[],"product_cat":[98],"product_tag":[],"_links":{"self":[{"href":"https:\/\/elgloboferoz.es\/eventos\/wp-json\/wp\/v2\/product\/7416"}],"collection":[{"href":"https:\/\/elgloboferoz.es\/eventos\/wp-json\/wp\/v2\/product"}],"about":[{"href":"https:\/\/elgloboferoz.es\/eventos\/wp-json\/wp\/v2\/types\/product"}],"wp:featuredmedia":[{"embeddable":true,"href":"https:\/\/elgloboferoz.es\/eventos\/wp-json\/wp\/v2\/media\/7417"}],"wp:attachment":[{"href":"https:\/\/elgloboferoz.es\/eventos\/wp-json\/wp\/v2\/media?parent=7416"}],"wp:term":[{"taxonomy":"product_cat","embeddable":true,"href":"https:\/\/elgloboferoz.es\/eventos\/wp-json\/wp\/v2\/product_cat?post=7416"},{"taxonomy":"product_tag","embeddable":true,"href":"https:\/\/elgloboferoz.es\/eventos\/wp-json\/wp\/v2\/product_tag?post=7416"}],"curies":[{"name":"wp","href":"https:\/\/api.w.org\/{rel}","templated":true}]}}