{"id":7422,"date":"2023-09-07T09:53:39","date_gmt":"2023-09-07T07:53:39","guid":{"rendered":"https:\/\/www.eventosaizea.com\/?post_type=product&#038;p=7422"},"modified":"2023-09-07T09:53:39","modified_gmt":"2023-09-07T07:53:39","slug":"entierro-de-la-sardina-en-kafe-antzoki-de-bilbao","status":"publish","type":"product","link":"https:\/\/elgloboferoz.es\/eventos\/producto\/entierro-de-la-sardina-en-kafe-antzoki-de-bilbao\/","title":{"rendered":"Entierro de la sardina en Kafe Antzoki de Bilbao"},"content":{"rendered":"","protected":false},"excerpt":{"rendered":"<p>Escultura de globos de 3 metros para decorar el escenario del Kafe Antxoki de Bilbao en la Fiesta del Entierro de la Sardina. Una llamativa y espectacular composici\u00f3n que a\u00f1adi\u00f3 un toque especial a la celebraci\u00f3n<\/p>\n","protected":false},"featured_media":7423,"template":"","meta":[],"product_cat":[98],"product_tag":[],"_links":{"self":[{"href":"https:\/\/elgloboferoz.es\/eventos\/wp-json\/wp\/v2\/product\/7422"}],"collection":[{"href":"https:\/\/elgloboferoz.es\/eventos\/wp-json\/wp\/v2\/product"}],"about":[{"href":"https:\/\/elgloboferoz.es\/eventos\/wp-json\/wp\/v2\/types\/product"}],"wp:featuredmedia":[{"embeddable":true,"href":"https:\/\/elgloboferoz.es\/eventos\/wp-json\/wp\/v2\/media\/7423"}],"wp:attachment":[{"href":"https:\/\/elgloboferoz.es\/eventos\/wp-json\/wp\/v2\/media?parent=7422"}],"wp:term":[{"taxonomy":"product_cat","embeddable":true,"href":"https:\/\/elgloboferoz.es\/eventos\/wp-json\/wp\/v2\/product_cat?post=7422"},{"taxonomy":"product_tag","embeddable":true,"href":"https:\/\/elgloboferoz.es\/eventos\/wp-json\/wp\/v2\/product_tag?post=7422"}],"curies":[{"name":"wp","href":"https:\/\/api.w.org\/{rel}","templated":true}]}}