{"id":7432,"date":"2023-09-07T10:53:45","date_gmt":"2023-09-07T08:53:45","guid":{"rendered":"https:\/\/www.eventosaizea.com\/?post_type=product&#038;p=7432"},"modified":"2023-09-07T10:53:45","modified_gmt":"2023-09-07T08:53:45","slug":"carnavales-en-lejona","status":"publish","type":"product","link":"https:\/\/elgloboferoz.es\/eventos\/producto\/carnavales-en-lejona\/","title":{"rendered":"Carnavales en Lejona"},"content":{"rendered":"","protected":false},"excerpt":{"rendered":"<p>Dos impresionantes payasos de globos adornaron el escenario, infundiendo una atm\u00f3sfera festiva en la entrega de premios a los ganadores del Concurso de Carnaval de Lejona. Una decoraci\u00f3n que realz\u00f3 la celebraci\u00f3n y la hizo a\u00fan m\u00e1s especia<\/p>\n","protected":false},"featured_media":7433,"template":"","meta":[],"product_cat":[98],"product_tag":[],"_links":{"self":[{"href":"https:\/\/elgloboferoz.es\/eventos\/wp-json\/wp\/v2\/product\/7432"}],"collection":[{"href":"https:\/\/elgloboferoz.es\/eventos\/wp-json\/wp\/v2\/product"}],"about":[{"href":"https:\/\/elgloboferoz.es\/eventos\/wp-json\/wp\/v2\/types\/product"}],"wp:featuredmedia":[{"embeddable":true,"href":"https:\/\/elgloboferoz.es\/eventos\/wp-json\/wp\/v2\/media\/7433"}],"wp:attachment":[{"href":"https:\/\/elgloboferoz.es\/eventos\/wp-json\/wp\/v2\/media?parent=7432"}],"wp:term":[{"taxonomy":"product_cat","embeddable":true,"href":"https:\/\/elgloboferoz.es\/eventos\/wp-json\/wp\/v2\/product_cat?post=7432"},{"taxonomy":"product_tag","embeddable":true,"href":"https:\/\/elgloboferoz.es\/eventos\/wp-json\/wp\/v2\/product_tag?post=7432"}],"curies":[{"name":"wp","href":"https:\/\/api.w.org\/{rel}","templated":true}]}}