{"id":7440,"date":"2023-09-07T11:02:45","date_gmt":"2023-09-07T09:02:45","guid":{"rendered":"https:\/\/www.eventosaizea.com\/?post_type=product&#038;p=7440"},"modified":"2023-09-07T11:04:15","modified_gmt":"2023-09-07T09:04:15","slug":"impresionante-entrada-de-los-vengadores","status":"publish","type":"product","link":"https:\/\/elgloboferoz.es\/eventos\/producto\/impresionante-entrada-de-los-vengadores\/","title":{"rendered":"Impresionante entrada de Los Vengadores"},"content":{"rendered":"","protected":false},"excerpt":{"rendered":"<p>La asombrosa entrada tem\u00e1tica de Los Vengadores dio una c\u00e1lida bienvenida a los asistentes a la cena de gala del congreso de decoraci\u00f3n con globos en Sao Paulo, Brasil.<br \/>\nUn impactante inicio para un evento de gran relevancia en la industria del que tuvimos la suerte de ser participes como instructores y responsables de esta espectacular decoraci\u00f3n<\/p>\n","protected":false},"featured_media":7441,"template":"","meta":[],"product_cat":[98],"product_tag":[],"_links":{"self":[{"href":"https:\/\/elgloboferoz.es\/eventos\/wp-json\/wp\/v2\/product\/7440"}],"collection":[{"href":"https:\/\/elgloboferoz.es\/eventos\/wp-json\/wp\/v2\/product"}],"about":[{"href":"https:\/\/elgloboferoz.es\/eventos\/wp-json\/wp\/v2\/types\/product"}],"wp:featuredmedia":[{"embeddable":true,"href":"https:\/\/elgloboferoz.es\/eventos\/wp-json\/wp\/v2\/media\/7441"}],"wp:attachment":[{"href":"https:\/\/elgloboferoz.es\/eventos\/wp-json\/wp\/v2\/media?parent=7440"}],"wp:term":[{"taxonomy":"product_cat","embeddable":true,"href":"https:\/\/elgloboferoz.es\/eventos\/wp-json\/wp\/v2\/product_cat?post=7440"},{"taxonomy":"product_tag","embeddable":true,"href":"https:\/\/elgloboferoz.es\/eventos\/wp-json\/wp\/v2\/product_tag?post=7440"}],"curies":[{"name":"wp","href":"https:\/\/api.w.org\/{rel}","templated":true}]}}