{"id":7471,"date":"2023-09-07T12:38:38","date_gmt":"2023-09-07T10:38:38","guid":{"rendered":"https:\/\/www.eventosaizea.com\/?post_type=product&#038;p=7471"},"modified":"2023-09-07T12:38:38","modified_gmt":"2023-09-07T10:38:38","slug":"presentacion-nuevo-cava-de-codorniu","status":"publish","type":"product","link":"https:\/\/elgloboferoz.es\/eventos\/producto\/presentacion-nuevo-cava-de-codorniu\/","title":{"rendered":"Presentaci\u00f3n nuevo cava de Codorniu"},"content":{"rendered":"","protected":false},"excerpt":{"rendered":"<p>Recibimos a los invitados a la presentaci\u00f3n del nuevo cava de Codorn\u00edu con esta espectacular presentaci\u00f3n de globos que capt\u00f3 la atenci\u00f3n desde la entrada. La atm\u00f3sfera festiva generada por los globos logr\u00f3 ademas que los asistentes se relajaran al instante, creando un ambiente festivo inigualable en el evento.<\/p>\n","protected":false},"featured_media":7472,"template":"","meta":[],"product_cat":[100],"product_tag":[],"_links":{"self":[{"href":"https:\/\/elgloboferoz.es\/eventos\/wp-json\/wp\/v2\/product\/7471"}],"collection":[{"href":"https:\/\/elgloboferoz.es\/eventos\/wp-json\/wp\/v2\/product"}],"about":[{"href":"https:\/\/elgloboferoz.es\/eventos\/wp-json\/wp\/v2\/types\/product"}],"wp:featuredmedia":[{"embeddable":true,"href":"https:\/\/elgloboferoz.es\/eventos\/wp-json\/wp\/v2\/media\/7472"}],"wp:attachment":[{"href":"https:\/\/elgloboferoz.es\/eventos\/wp-json\/wp\/v2\/media?parent=7471"}],"wp:term":[{"taxonomy":"product_cat","embeddable":true,"href":"https:\/\/elgloboferoz.es\/eventos\/wp-json\/wp\/v2\/product_cat?post=7471"},{"taxonomy":"product_tag","embeddable":true,"href":"https:\/\/elgloboferoz.es\/eventos\/wp-json\/wp\/v2\/product_tag?post=7471"}],"curies":[{"name":"wp","href":"https:\/\/api.w.org\/{rel}","templated":true}]}}