{"id":7473,"date":"2023-09-07T12:41:59","date_gmt":"2023-09-07T10:41:59","guid":{"rendered":"https:\/\/www.eventosaizea.com\/?post_type=product&#038;p=7473"},"modified":"2023-09-07T12:41:59","modified_gmt":"2023-09-07T10:41:59","slug":"black-friday-en-el-centro-comercial-valle-real-de-santander","status":"publish","type":"product","link":"https:\/\/elgloboferoz.es\/eventos\/producto\/black-friday-en-el-centro-comercial-valle-real-de-santander\/","title":{"rendered":"Black Friday en el Centro Comercial Valle Real de Santander"},"content":{"rendered":"","protected":false},"excerpt":{"rendered":"<p>El Black Friday es la promoci\u00f3n m\u00e1s significativa del a\u00f1o, con ventas r\u00e9cord en centros comerciales y tiendas. Es crucial crear un ambiente especial en los d\u00edas previos. Los globos son la clave para destacar y asegurarse de que no pase desapercibido este evento tan importante<\/p>\n","protected":false},"featured_media":7474,"template":"","meta":[],"product_cat":[100],"product_tag":[],"_links":{"self":[{"href":"https:\/\/elgloboferoz.es\/eventos\/wp-json\/wp\/v2\/product\/7473"}],"collection":[{"href":"https:\/\/elgloboferoz.es\/eventos\/wp-json\/wp\/v2\/product"}],"about":[{"href":"https:\/\/elgloboferoz.es\/eventos\/wp-json\/wp\/v2\/types\/product"}],"wp:featuredmedia":[{"embeddable":true,"href":"https:\/\/elgloboferoz.es\/eventos\/wp-json\/wp\/v2\/media\/7474"}],"wp:attachment":[{"href":"https:\/\/elgloboferoz.es\/eventos\/wp-json\/wp\/v2\/media?parent=7473"}],"wp:term":[{"taxonomy":"product_cat","embeddable":true,"href":"https:\/\/elgloboferoz.es\/eventos\/wp-json\/wp\/v2\/product_cat?post=7473"},{"taxonomy":"product_tag","embeddable":true,"href":"https:\/\/elgloboferoz.es\/eventos\/wp-json\/wp\/v2\/product_tag?post=7473"}],"curies":[{"name":"wp","href":"https:\/\/api.w.org\/{rel}","templated":true}]}}