{"id":7475,"date":"2023-09-07T12:45:06","date_gmt":"2023-09-07T10:45:06","guid":{"rendered":"https:\/\/www.eventosaizea.com\/?post_type=product&#038;p=7475"},"modified":"2023-09-07T12:45:06","modified_gmt":"2023-09-07T10:45:06","slug":"promocion-en-concesionario-carwagen","status":"publish","type":"product","link":"https:\/\/elgloboferoz.es\/eventos\/producto\/promocion-en-concesionario-carwagen\/","title":{"rendered":"Promoci\u00f3n en concesionario Carwagen"},"content":{"rendered":"","protected":false},"excerpt":{"rendered":"<p>En una promoci\u00f3n, especialmente si es de corta duraci\u00f3n, es esencial captar la atenci\u00f3n de quienes pasan cerca de nuestro local. Los globos gigantes con helio son infalibles: su tama\u00f1o, colores, altura y movimiento garantizan que todos se fijen y sepan que algo especial sucede en nuestra tienda. Objetivo conseguido<\/p>\n","protected":false},"featured_media":7476,"template":"","meta":[],"product_cat":[100],"product_tag":[],"_links":{"self":[{"href":"https:\/\/elgloboferoz.es\/eventos\/wp-json\/wp\/v2\/product\/7475"}],"collection":[{"href":"https:\/\/elgloboferoz.es\/eventos\/wp-json\/wp\/v2\/product"}],"about":[{"href":"https:\/\/elgloboferoz.es\/eventos\/wp-json\/wp\/v2\/types\/product"}],"wp:featuredmedia":[{"embeddable":true,"href":"https:\/\/elgloboferoz.es\/eventos\/wp-json\/wp\/v2\/media\/7476"}],"wp:attachment":[{"href":"https:\/\/elgloboferoz.es\/eventos\/wp-json\/wp\/v2\/media?parent=7475"}],"wp:term":[{"taxonomy":"product_cat","embeddable":true,"href":"https:\/\/elgloboferoz.es\/eventos\/wp-json\/wp\/v2\/product_cat?post=7475"},{"taxonomy":"product_tag","embeddable":true,"href":"https:\/\/elgloboferoz.es\/eventos\/wp-json\/wp\/v2\/product_tag?post=7475"}],"curies":[{"name":"wp","href":"https:\/\/api.w.org\/{rel}","templated":true}]}}