{"id":7479,"date":"2023-09-07T12:51:28","date_gmt":"2023-09-07T10:51:28","guid":{"rendered":"https:\/\/www.eventosaizea.com\/?post_type=product&#038;p=7479"},"modified":"2023-09-07T12:51:28","modified_gmt":"2023-09-07T10:51:28","slug":"fiesta-heineken-en-santander","status":"publish","type":"product","link":"https:\/\/elgloboferoz.es\/eventos\/producto\/fiesta-heineken-en-santander\/","title":{"rendered":"Fiesta Heineken en Santander"},"content":{"rendered":"","protected":false},"excerpt":{"rendered":"<p>En la fiesta promocional de la cerveza Heineken, nuestra botella gigante hecha de globos dio la bienvenida a los invitados, estableciendo de inmediato la identidad de la fiesta y su car\u00e1cter festivo. Adem\u00e1s, una exhibici\u00f3n de globoflexia sorprendi\u00f3 a los asistentes, llenando la celebraci\u00f3n de sonrisas y un ambiente superalegre.<\/p>\n","protected":false},"featured_media":7480,"template":"","meta":[],"product_cat":[100],"product_tag":[],"_links":{"self":[{"href":"https:\/\/elgloboferoz.es\/eventos\/wp-json\/wp\/v2\/product\/7479"}],"collection":[{"href":"https:\/\/elgloboferoz.es\/eventos\/wp-json\/wp\/v2\/product"}],"about":[{"href":"https:\/\/elgloboferoz.es\/eventos\/wp-json\/wp\/v2\/types\/product"}],"wp:featuredmedia":[{"embeddable":true,"href":"https:\/\/elgloboferoz.es\/eventos\/wp-json\/wp\/v2\/media\/7480"}],"wp:attachment":[{"href":"https:\/\/elgloboferoz.es\/eventos\/wp-json\/wp\/v2\/media?parent=7479"}],"wp:term":[{"taxonomy":"product_cat","embeddable":true,"href":"https:\/\/elgloboferoz.es\/eventos\/wp-json\/wp\/v2\/product_cat?post=7479"},{"taxonomy":"product_tag","embeddable":true,"href":"https:\/\/elgloboferoz.es\/eventos\/wp-json\/wp\/v2\/product_tag?post=7479"}],"curies":[{"name":"wp","href":"https:\/\/api.w.org\/{rel}","templated":true}]}}