{"id":7483,"date":"2023-09-07T13:02:56","date_gmt":"2023-09-07T11:02:56","guid":{"rendered":"https:\/\/www.eventosaizea.com\/?post_type=product&#038;p=7483"},"modified":"2023-09-07T13:02:56","modified_gmt":"2023-09-07T11:02:56","slug":"promocion-vuelta-al-cole","status":"publish","type":"product","link":"https:\/\/elgloboferoz.es\/eventos\/producto\/promocion-vuelta-al-cole\/","title":{"rendered":"Promoci\u00f3n vuelta al cole"},"content":{"rendered":"","protected":false},"excerpt":{"rendered":"<p>La &#8216;vuelta al cole&#8217; es una promoci\u00f3n ineludible. Cada a\u00f1o, los padres tenemos que comprar una gran variedad de cosas para nuestros hijos antes del inicio del nuevo curso escolar.<br \/>\nNuestra misi\u00f3n como empresa es atraer a los clientes y ser su elecci\u00f3n para satisfacer todas esas necesidades. Y no hay mejor forma de captar su atenci\u00f3n que mediante nuestras decoraciones con globos, que a\u00f1aden un toque especial, colorido y alegre a la experiencia de compra.\u00bb<\/p>\n","protected":false},"featured_media":7484,"template":"","meta":[],"product_cat":[100],"product_tag":[],"_links":{"self":[{"href":"https:\/\/elgloboferoz.es\/eventos\/wp-json\/wp\/v2\/product\/7483"}],"collection":[{"href":"https:\/\/elgloboferoz.es\/eventos\/wp-json\/wp\/v2\/product"}],"about":[{"href":"https:\/\/elgloboferoz.es\/eventos\/wp-json\/wp\/v2\/types\/product"}],"wp:featuredmedia":[{"embeddable":true,"href":"https:\/\/elgloboferoz.es\/eventos\/wp-json\/wp\/v2\/media\/7484"}],"wp:attachment":[{"href":"https:\/\/elgloboferoz.es\/eventos\/wp-json\/wp\/v2\/media?parent=7483"}],"wp:term":[{"taxonomy":"product_cat","embeddable":true,"href":"https:\/\/elgloboferoz.es\/eventos\/wp-json\/wp\/v2\/product_cat?post=7483"},{"taxonomy":"product_tag","embeddable":true,"href":"https:\/\/elgloboferoz.es\/eventos\/wp-json\/wp\/v2\/product_tag?post=7483"}],"curies":[{"name":"wp","href":"https:\/\/api.w.org\/{rel}","templated":true}]}}