{"id":7492,"date":"2023-09-07T13:19:54","date_gmt":"2023-09-07T11:19:54","guid":{"rendered":"https:\/\/www.eventosaizea.com\/?post_type=product&#038;p=7492"},"modified":"2023-09-07T13:19:54","modified_gmt":"2023-09-07T11:19:54","slug":"photocall-para-san-valentin-en-media-markt","status":"publish","type":"product","link":"https:\/\/elgloboferoz.es\/eventos\/producto\/photocall-para-san-valentin-en-media-markt\/","title":{"rendered":"Photocall para San Valentin en Media Markt"},"content":{"rendered":"","protected":false},"excerpt":{"rendered":"<p>Nuestro photocall para San Valent\u00edn en la tienda Media Markt anim\u00f3 a los clientes a soltarse el pelo y celebrar el amor de una manera divertida. Esta iniciativa les hizo sonre\u00edr y ayud\u00f3 a que los clientes percibieran a Media Markt como una empresa cercana y amigable, fortaleciendo asi la conexi\u00f3n con ellos<\/p>\n","protected":false},"featured_media":7493,"template":"","meta":[],"product_cat":[100],"product_tag":[],"_links":{"self":[{"href":"https:\/\/elgloboferoz.es\/eventos\/wp-json\/wp\/v2\/product\/7492"}],"collection":[{"href":"https:\/\/elgloboferoz.es\/eventos\/wp-json\/wp\/v2\/product"}],"about":[{"href":"https:\/\/elgloboferoz.es\/eventos\/wp-json\/wp\/v2\/types\/product"}],"wp:featuredmedia":[{"embeddable":true,"href":"https:\/\/elgloboferoz.es\/eventos\/wp-json\/wp\/v2\/media\/7493"}],"wp:attachment":[{"href":"https:\/\/elgloboferoz.es\/eventos\/wp-json\/wp\/v2\/media?parent=7492"}],"wp:term":[{"taxonomy":"product_cat","embeddable":true,"href":"https:\/\/elgloboferoz.es\/eventos\/wp-json\/wp\/v2\/product_cat?post=7492"},{"taxonomy":"product_tag","embeddable":true,"href":"https:\/\/elgloboferoz.es\/eventos\/wp-json\/wp\/v2\/product_tag?post=7492"}],"curies":[{"name":"wp","href":"https:\/\/api.w.org\/{rel}","templated":true}]}}