{"id":7496,"date":"2023-09-07T13:31:25","date_gmt":"2023-09-07T11:31:25","guid":{"rendered":"https:\/\/www.eventosaizea.com\/?post_type=product&#038;p=7496"},"modified":"2023-09-07T13:31:38","modified_gmt":"2023-09-07T11:31:38","slug":"carroza-para-las-3-brujas-en-murcia","status":"publish","type":"product","link":"https:\/\/elgloboferoz.es\/eventos\/producto\/carroza-para-las-3-brujas-en-murcia\/","title":{"rendered":"Carroza Las 3 brujas en Murcia"},"content":{"rendered":"","protected":false},"excerpt":{"rendered":"<p>Carroza de 6 metros de largo para la empresa Las 3 Brujas de Murcia, que encarnaba su marca y difund\u00eda una atm\u00f3sfera de cercan\u00eda y felicidad en el prestigioso desfile del Entierro de la Sardina de Murcia. Este evento, reconocido a nivel internacional, atrae a miles de visitantes de todo el mundo logrando as\u00ed una gran repercusi\u00f3n<\/p>\n","protected":false},"featured_media":7497,"template":"","meta":[],"product_cat":[101],"product_tag":[],"_links":{"self":[{"href":"https:\/\/elgloboferoz.es\/eventos\/wp-json\/wp\/v2\/product\/7496"}],"collection":[{"href":"https:\/\/elgloboferoz.es\/eventos\/wp-json\/wp\/v2\/product"}],"about":[{"href":"https:\/\/elgloboferoz.es\/eventos\/wp-json\/wp\/v2\/types\/product"}],"wp:featuredmedia":[{"embeddable":true,"href":"https:\/\/elgloboferoz.es\/eventos\/wp-json\/wp\/v2\/media\/7497"}],"wp:attachment":[{"href":"https:\/\/elgloboferoz.es\/eventos\/wp-json\/wp\/v2\/media?parent=7496"}],"wp:term":[{"taxonomy":"product_cat","embeddable":true,"href":"https:\/\/elgloboferoz.es\/eventos\/wp-json\/wp\/v2\/product_cat?post=7496"},{"taxonomy":"product_tag","embeddable":true,"href":"https:\/\/elgloboferoz.es\/eventos\/wp-json\/wp\/v2\/product_tag?post=7496"}],"curies":[{"name":"wp","href":"https:\/\/api.w.org\/{rel}","templated":true}]}}