{"id":7513,"date":"2023-09-07T17:57:31","date_gmt":"2023-09-07T15:57:31","guid":{"rendered":"https:\/\/www.eventosaizea.com\/?post_type=product&#038;p=7513"},"modified":"2023-09-07T17:57:31","modified_gmt":"2023-09-07T15:57:31","slug":"carroza-familia-pollitos","status":"publish","type":"product","link":"https:\/\/elgloboferoz.es\/eventos\/producto\/carroza-familia-pollitos\/","title":{"rendered":"Carroza familia pollitos"},"content":{"rendered":"","protected":false},"excerpt":{"rendered":"<p>Acompa\u00f1ando a nuestro cisne gigante en la destacada fiesta del Coso Blanco de Castro Urdiales, un s\u00e9quito de pollitos, cada uno con su propia forma y personalidad, deleit\u00f3 tanto a ni\u00f1os como adultos que disfrutaron del desfile. Un toque de diversi\u00f3n y alegr\u00eda que hizo que la experiencia fuera a\u00fan m\u00e1s memorable<\/p>\n","protected":false},"featured_media":7514,"template":"","meta":[],"product_cat":[101],"product_tag":[],"_links":{"self":[{"href":"https:\/\/elgloboferoz.es\/eventos\/wp-json\/wp\/v2\/product\/7513"}],"collection":[{"href":"https:\/\/elgloboferoz.es\/eventos\/wp-json\/wp\/v2\/product"}],"about":[{"href":"https:\/\/elgloboferoz.es\/eventos\/wp-json\/wp\/v2\/types\/product"}],"wp:featuredmedia":[{"embeddable":true,"href":"https:\/\/elgloboferoz.es\/eventos\/wp-json\/wp\/v2\/media\/7514"}],"wp:attachment":[{"href":"https:\/\/elgloboferoz.es\/eventos\/wp-json\/wp\/v2\/media?parent=7513"}],"wp:term":[{"taxonomy":"product_cat","embeddable":true,"href":"https:\/\/elgloboferoz.es\/eventos\/wp-json\/wp\/v2\/product_cat?post=7513"},{"taxonomy":"product_tag","embeddable":true,"href":"https:\/\/elgloboferoz.es\/eventos\/wp-json\/wp\/v2\/product_tag?post=7513"}],"curies":[{"name":"wp","href":"https:\/\/api.w.org\/{rel}","templated":true}]}}