{"id":7521,"date":"2023-09-07T18:15:48","date_gmt":"2023-09-07T16:15:48","guid":{"rendered":"https:\/\/www.eventosaizea.com\/?post_type=product&#038;p=7521"},"modified":"2023-09-07T18:17:06","modified_gmt":"2023-09-07T16:17:06","slug":"7521","status":"publish","type":"product","link":"https:\/\/elgloboferoz.es\/eventos\/producto\/7521\/","title":{"rendered":"Inauguraci\u00f3n tienda Orange en Bilbao"},"content":{"rendered":"","protected":false},"excerpt":{"rendered":"<p>En la inauguraci\u00f3n de la tienda Orange en Bilbao, destacamos con una decoraci\u00f3n en un solo color, el naranja corporativo, con una forma suave y perfecta, dejando el protagonismo al logotipo que de la marca. Refleja la b\u00fasqueda constante de mejora en sus productos y servicios. Una presentaci\u00f3n que enfatiza el compromiso de la marca con la excelencia<\/p>\n","protected":false},"featured_media":7523,"template":"","meta":[],"product_cat":[102],"product_tag":[],"_links":{"self":[{"href":"https:\/\/elgloboferoz.es\/eventos\/wp-json\/wp\/v2\/product\/7521"}],"collection":[{"href":"https:\/\/elgloboferoz.es\/eventos\/wp-json\/wp\/v2\/product"}],"about":[{"href":"https:\/\/elgloboferoz.es\/eventos\/wp-json\/wp\/v2\/types\/product"}],"wp:featuredmedia":[{"embeddable":true,"href":"https:\/\/elgloboferoz.es\/eventos\/wp-json\/wp\/v2\/media\/7523"}],"wp:attachment":[{"href":"https:\/\/elgloboferoz.es\/eventos\/wp-json\/wp\/v2\/media?parent=7521"}],"wp:term":[{"taxonomy":"product_cat","embeddable":true,"href":"https:\/\/elgloboferoz.es\/eventos\/wp-json\/wp\/v2\/product_cat?post=7521"},{"taxonomy":"product_tag","embeddable":true,"href":"https:\/\/elgloboferoz.es\/eventos\/wp-json\/wp\/v2\/product_tag?post=7521"}],"curies":[{"name":"wp","href":"https:\/\/api.w.org\/{rel}","templated":true}]}}