{"id":7531,"date":"2023-09-07T18:24:53","date_gmt":"2023-09-07T16:24:53","guid":{"rendered":"https:\/\/www.eventosaizea.com\/?post_type=product&#038;p=7531"},"modified":"2023-09-07T18:26:52","modified_gmt":"2023-09-07T16:26:52","slug":"15-aniversario-tienda-jean-louis-david","status":"publish","type":"product","link":"https:\/\/elgloboferoz.es\/eventos\/producto\/15-aniversario-tienda-jean-louis-david\/","title":{"rendered":"15 aniversario tienda Jean Louis David"},"content":{"rendered":"<p>Nuestro espectacular arco de globos personalizado, instalado en la franquicia de peluquer\u00edas Jean Louis David en el centro comercial Artea de Lejona, logr\u00f3 transmitir la elegancia y modernidad que caracteriza a esta l\u00ednea de salones de belleza. Una presentaci\u00f3n que resalta la experiencia de los clientes en la marca<\/p>\n","protected":false},"excerpt":{"rendered":"<p>Nuestro espectacular arco de globos personalizado, instalado en la franquicia de peluquer\u00edas Jean Louis David en el centro comercial Artea de Lejona, logr\u00f3 transmitir la elegancia y modernidad que caracteriza a esta l\u00ednea de salones de belleza. Una presentaci\u00f3n que resalta la experiencia de los clientes en la marca<\/p>\n","protected":false},"featured_media":7532,"template":"","meta":[],"product_cat":[102],"product_tag":[],"_links":{"self":[{"href":"https:\/\/elgloboferoz.es\/eventos\/wp-json\/wp\/v2\/product\/7531"}],"collection":[{"href":"https:\/\/elgloboferoz.es\/eventos\/wp-json\/wp\/v2\/product"}],"about":[{"href":"https:\/\/elgloboferoz.es\/eventos\/wp-json\/wp\/v2\/types\/product"}],"wp:featuredmedia":[{"embeddable":true,"href":"https:\/\/elgloboferoz.es\/eventos\/wp-json\/wp\/v2\/media\/7532"}],"wp:attachment":[{"href":"https:\/\/elgloboferoz.es\/eventos\/wp-json\/wp\/v2\/media?parent=7531"}],"wp:term":[{"taxonomy":"product_cat","embeddable":true,"href":"https:\/\/elgloboferoz.es\/eventos\/wp-json\/wp\/v2\/product_cat?post=7531"},{"taxonomy":"product_tag","embeddable":true,"href":"https:\/\/elgloboferoz.es\/eventos\/wp-json\/wp\/v2\/product_tag?post=7531"}],"curies":[{"name":"wp","href":"https:\/\/api.w.org\/{rel}","templated":true}]}}