{"id":7535,"date":"2023-09-07T18:33:25","date_gmt":"2023-09-07T16:33:25","guid":{"rendered":"https:\/\/www.eventosaizea.com\/?post_type=product&#038;p=7535"},"modified":"2023-09-20T19:29:20","modified_gmt":"2023-09-20T17:29:20","slug":"7535","status":"publish","type":"product","link":"https:\/\/elgloboferoz.es\/eventos\/producto\/7535\/","title":{"rendered":"Arco de globos para inauguraci\u00f3n de tienda de Vodafone en Bilbao"},"content":{"rendered":"","protected":false},"excerpt":{"rendered":"<p>En la inauguraci\u00f3n de la tienda Vodafone en el centro de Bilbao, destacamos con un arco de globos en los colores corporativos y un logotipo realizado \u00edntegramente con globos, el cual gener\u00f3 un gran inter\u00e9s y conversaci\u00f3n entre los asistentes. Este detalle singular contribuy\u00f3 al rotundo \u00e9xito de la inauguraci\u00f3n<\/p>\n","protected":false},"featured_media":7536,"template":"","meta":[],"product_cat":[102],"product_tag":[],"_links":{"self":[{"href":"https:\/\/elgloboferoz.es\/eventos\/wp-json\/wp\/v2\/product\/7535"}],"collection":[{"href":"https:\/\/elgloboferoz.es\/eventos\/wp-json\/wp\/v2\/product"}],"about":[{"href":"https:\/\/elgloboferoz.es\/eventos\/wp-json\/wp\/v2\/types\/product"}],"wp:featuredmedia":[{"embeddable":true,"href":"https:\/\/elgloboferoz.es\/eventos\/wp-json\/wp\/v2\/media\/7536"}],"wp:attachment":[{"href":"https:\/\/elgloboferoz.es\/eventos\/wp-json\/wp\/v2\/media?parent=7535"}],"wp:term":[{"taxonomy":"product_cat","embeddable":true,"href":"https:\/\/elgloboferoz.es\/eventos\/wp-json\/wp\/v2\/product_cat?post=7535"},{"taxonomy":"product_tag","embeddable":true,"href":"https:\/\/elgloboferoz.es\/eventos\/wp-json\/wp\/v2\/product_tag?post=7535"}],"curies":[{"name":"wp","href":"https:\/\/api.w.org\/{rel}","templated":true}]}}