{"id":7551,"date":"2023-09-07T19:07:41","date_gmt":"2023-09-07T17:07:41","guid":{"rendered":"https:\/\/www.eventosaizea.com\/?post_type=product&#038;p=7551"},"modified":"2023-09-07T19:07:41","modified_gmt":"2023-09-07T17:07:41","slug":"mural-photocall-50-aniversario","status":"publish","type":"product","link":"https:\/\/elgloboferoz.es\/eventos\/producto\/mural-photocall-50-aniversario\/","title":{"rendered":"Mural photocall 50 aniversario"},"content":{"rendered":"","protected":false},"excerpt":{"rendered":"<p>En el Hotel Barcel\u00f3 de Bilbao, creamos un mural de photocall en los colores corporativos para celebrar un 50 aniversario de empresa. Una decoraci\u00f3n excepcional que estuvo a la altura de esta ocasi\u00f3n tan especial, a\u00f1adiendo un toque distintivo a la celebraci\u00f3n<\/p>\n","protected":false},"featured_media":7552,"template":"","meta":[],"product_cat":[102],"product_tag":[],"_links":{"self":[{"href":"https:\/\/elgloboferoz.es\/eventos\/wp-json\/wp\/v2\/product\/7551"}],"collection":[{"href":"https:\/\/elgloboferoz.es\/eventos\/wp-json\/wp\/v2\/product"}],"about":[{"href":"https:\/\/elgloboferoz.es\/eventos\/wp-json\/wp\/v2\/types\/product"}],"wp:featuredmedia":[{"embeddable":true,"href":"https:\/\/elgloboferoz.es\/eventos\/wp-json\/wp\/v2\/media\/7552"}],"wp:attachment":[{"href":"https:\/\/elgloboferoz.es\/eventos\/wp-json\/wp\/v2\/media?parent=7551"}],"wp:term":[{"taxonomy":"product_cat","embeddable":true,"href":"https:\/\/elgloboferoz.es\/eventos\/wp-json\/wp\/v2\/product_cat?post=7551"},{"taxonomy":"product_tag","embeddable":true,"href":"https:\/\/elgloboferoz.es\/eventos\/wp-json\/wp\/v2\/product_tag?post=7551"}],"curies":[{"name":"wp","href":"https:\/\/api.w.org\/{rel}","templated":true}]}}