{"id":7555,"date":"2023-09-08T13:06:59","date_gmt":"2023-09-08T11:06:59","guid":{"rendered":"https:\/\/www.eventosaizea.com\/?post_type=product&#038;p=7555"},"modified":"2023-09-08T13:07:00","modified_gmt":"2023-09-08T11:07:00","slug":"3-aniversario-de-sushi-artist","status":"publish","type":"product","link":"https:\/\/elgloboferoz.es\/eventos\/producto\/3-aniversario-de-sushi-artist\/","title":{"rendered":"3 aniversario de Sushi Artist"},"content":{"rendered":"","protected":false},"excerpt":{"rendered":"<p>Nuestra decoraci\u00f3n con globos para celebrar el tercer aniversario de la franquicia de establecimientos de sushi, Sushi Artist, capt\u00f3 la atenci\u00f3n de todos los visitantes del centro comercial Artea durante esa semana. Una representaci\u00f3n a tama\u00f1o real de un cocinero oriental sosteniendo una bandeja de sushi en una mano y el n\u00famero 3 en la otra, elaborada completamente con globos, se convirti\u00f3 en la sensaci\u00f3n del evento<\/p>\n","protected":false},"featured_media":7556,"template":"","meta":[],"product_cat":[102],"product_tag":[],"_links":{"self":[{"href":"https:\/\/elgloboferoz.es\/eventos\/wp-json\/wp\/v2\/product\/7555"}],"collection":[{"href":"https:\/\/elgloboferoz.es\/eventos\/wp-json\/wp\/v2\/product"}],"about":[{"href":"https:\/\/elgloboferoz.es\/eventos\/wp-json\/wp\/v2\/types\/product"}],"wp:featuredmedia":[{"embeddable":true,"href":"https:\/\/elgloboferoz.es\/eventos\/wp-json\/wp\/v2\/media\/7556"}],"wp:attachment":[{"href":"https:\/\/elgloboferoz.es\/eventos\/wp-json\/wp\/v2\/media?parent=7555"}],"wp:term":[{"taxonomy":"product_cat","embeddable":true,"href":"https:\/\/elgloboferoz.es\/eventos\/wp-json\/wp\/v2\/product_cat?post=7555"},{"taxonomy":"product_tag","embeddable":true,"href":"https:\/\/elgloboferoz.es\/eventos\/wp-json\/wp\/v2\/product_tag?post=7555"}],"curies":[{"name":"wp","href":"https:\/\/api.w.org\/{rel}","templated":true}]}}