{"id":7595,"date":"2023-09-08T13:28:55","date_gmt":"2023-09-08T11:28:55","guid":{"rendered":"https:\/\/www.eventosaizea.com\/?post_type=product&#038;p=7595"},"modified":"2023-09-08T13:29:23","modified_gmt":"2023-09-08T11:29:23","slug":"aniversario-del-centro-comercial-ballonti-en-portugalete","status":"publish","type":"product","link":"https:\/\/elgloboferoz.es\/eventos\/producto\/aniversario-del-centro-comercial-ballonti-en-portugalete\/","title":{"rendered":"Aniversario del Centro Comercial Ballonti en Portugalete"},"content":{"rendered":"","protected":false},"excerpt":{"rendered":"<p>En la celebraci\u00f3n del aniversario del Centro Comercial Ballonti, nos encargaron la creaci\u00f3n de una espectacular tarta de 5 metros de altura hecha totalmente de globos para colocar en su plaza principal. El \u00e9xito fue abrumador, con los asistentes tomando fotos continuamente y disfrutando de esta llamativa decoraci\u00f3n<\/p>\n","protected":false},"featured_media":7597,"template":"","meta":[],"product_cat":[102],"product_tag":[],"_links":{"self":[{"href":"https:\/\/elgloboferoz.es\/eventos\/wp-json\/wp\/v2\/product\/7595"}],"collection":[{"href":"https:\/\/elgloboferoz.es\/eventos\/wp-json\/wp\/v2\/product"}],"about":[{"href":"https:\/\/elgloboferoz.es\/eventos\/wp-json\/wp\/v2\/types\/product"}],"wp:featuredmedia":[{"embeddable":true,"href":"https:\/\/elgloboferoz.es\/eventos\/wp-json\/wp\/v2\/media\/7597"}],"wp:attachment":[{"href":"https:\/\/elgloboferoz.es\/eventos\/wp-json\/wp\/v2\/media?parent=7595"}],"wp:term":[{"taxonomy":"product_cat","embeddable":true,"href":"https:\/\/elgloboferoz.es\/eventos\/wp-json\/wp\/v2\/product_cat?post=7595"},{"taxonomy":"product_tag","embeddable":true,"href":"https:\/\/elgloboferoz.es\/eventos\/wp-json\/wp\/v2\/product_tag?post=7595"}],"curies":[{"name":"wp","href":"https:\/\/api.w.org\/{rel}","templated":true}]}}